{"id":27,"date":"2014-10-14T13:49:50","date_gmt":"2014-10-14T13:49:50","guid":{"rendered":"http:\/\/treso.scrabblefisf.com\/?page_id=27"},"modified":"2021-12-03T13:49:09","modified_gmt":"2021-12-03T13:49:09","slug":"guide","status":"publish","type":"page","link":"https:\/\/tresorerie.scrabbleenpaysdoc.fr\/?page_id=27","title":{"rendered":"Vie des clubs"},"content":{"rendered":"<p><span style=\"color: #0000ff; font-size: 14pt;\"><strong>Un document d&rsquo;aide \u00e0 la gestion de votre club :<\/strong><\/span><\/p>\n<p><span style=\"color: #0000ff; font-size: 14pt;\"><strong>Club Mode d&rsquo;Emploi \u00e0 consulter en ligne ou \u00e0 t\u00e9l\u00e9charger pour impression<\/strong><\/span><\/p>\n\n\n<div class=\"wp-block-file\"><object class=\"wp-block-file__embed\" data=\"https:\/\/tresorerie.scrabbleenpaysdoc.fr\/wp-content\/uploads\/2021\/12\/ClubModedEmploi021221-1.pdf\" type=\"application\/pdf\" style=\"width:100%;height:600px\" aria-label=\"Contenu embarqu\u00e9 ClubModedEmploi021221-1.\"><\/object><a href=\"https:\/\/tresorerie.scrabbleenpaysdoc.fr\/wp-content\/uploads\/2021\/12\/ClubModedEmploi021221-1.pdf\">ClubModedEmploi021221-1<\/a><a href=\"https:\/\/tresorerie.scrabbleenpaysdoc.fr\/wp-content\/uploads\/2021\/12\/ClubModedEmploi021221-1.pdf\" class=\"wp-block-file__button\" download>T\u00e9l\u00e9charger<\/a><\/div>\n","protected":false},"excerpt":{"rendered":"<p>Un document d&rsquo;aide \u00e0 la gestion de votre club : Club Mode d&rsquo;Emploi \u00e0 consulter en ligne ou \u00e0 t\u00e9l\u00e9charger pour impression<\/p>\n","protected":false},"author":7,"featured_media":0,"parent":0,"menu_order":0,"comment_status":"closed","ping_status":"open","template":"","meta":[],"_links":{"self":[{"href":"https:\/\/tresorerie.scrabbleenpaysdoc.fr\/index.php?rest_route=\/wp\/v2\/pages\/27"}],"collection":[{"href":"https:\/\/tresorerie.scrabbleenpaysdoc.fr\/index.php?rest_route=\/wp\/v2\/pages"}],"about":[{"href":"https:\/\/tresorerie.scrabbleenpaysdoc.fr\/index.php?rest_route=\/wp\/v2\/types\/page"}],"author":[{"embeddable":true,"href":"https:\/\/tresorerie.scrabbleenpaysdoc.fr\/index.php?rest_route=\/wp\/v2\/users\/7"}],"replies":[{"embeddable":true,"href":"https:\/\/tresorerie.scrabbleenpaysdoc.fr\/index.php?rest_route=%2Fwp%2Fv2%2Fcomments&post=27"}],"version-history":[{"count":21,"href":"https:\/\/tresorerie.scrabbleenpaysdoc.fr\/index.php?rest_route=\/wp\/v2\/pages\/27\/revisions"}],"predecessor-version":[{"id":192,"href":"https:\/\/tresorerie.scrabbleenpaysdoc.fr\/index.php?rest_route=\/wp\/v2\/pages\/27\/revisions\/192"}],"wp:attachment":[{"href":"https:\/\/tresorerie.scrabbleenpaysdoc.fr\/index.php?rest_route=%2Fwp%2Fv2%2Fmedia&parent=27"}],"curies":[{"name":"wp","href":"https:\/\/api.w.org\/{rel}","templated":true}]}}