{"id":35,"date":"2014-10-14T14:01:43","date_gmt":"2014-10-14T14:01:43","guid":{"rendered":"http:\/\/treso.scrabblefisf.com\/?page_id=35"},"modified":"2020-09-06T09:27:19","modified_gmt":"2020-09-06T09:27:19","slug":"arbitrage","status":"publish","type":"page","link":"https:\/\/tresorerie.scrabbleenpaysdoc.fr\/?page_id=35","title":{"rendered":"Arbitrage"},"content":{"rendered":"<p><span style=\"color: #0000ff; font-size: 14pt;\"><strong>Les informations utiles pour le d\u00e9fraiement de l&rsquo;arbitrage.<\/strong><\/span><\/p>\n<p><strong><a href=\"http:\/\/treso.scrabblefisf.com\/wp-content\/uploads\/2014\/10\/tableaudefraiementarbitrage2011.pdf\" target=\"_blank\" rel=\"noopener noreferrer\">Indemnit\u00e9s kilom\u00e9triques et d\u00e9fraiement arbitrage<\/a><\/strong><\/p>\n<p><strong><a href=\"https:\/\/tresorerie.scrabbleenpaysdoc.fr\/wp-content\/uploads\/2020\/09\/reglesdefraiementarbitrage20202021.doc\" target=\"_blank\" rel=\"noopener noreferrer\">reglesdefraiementarbitrage2020-2021<\/a> &#8211; mise \u00e0 jour 06\/09\/2020<\/strong><\/p>\n","protected":false},"excerpt":{"rendered":"<p>Les informations utiles pour le d\u00e9fraiement de l&rsquo;arbitrage. Indemnit\u00e9s kilom\u00e9triques et d\u00e9fraiement arbitrage reglesdefraiementarbitrage2020-2021 &#8211; mise \u00e0 jour 06\/09\/2020<\/p>\n","protected":false},"author":7,"featured_media":0,"parent":0,"menu_order":2,"comment_status":"closed","ping_status":"open","template":"","meta":[],"_links":{"self":[{"href":"https:\/\/tresorerie.scrabbleenpaysdoc.fr\/index.php?rest_route=\/wp\/v2\/pages\/35"}],"collection":[{"href":"https:\/\/tresorerie.scrabbleenpaysdoc.fr\/index.php?rest_route=\/wp\/v2\/pages"}],"about":[{"href":"https:\/\/tresorerie.scrabbleenpaysdoc.fr\/index.php?rest_route=\/wp\/v2\/types\/page"}],"author":[{"embeddable":true,"href":"https:\/\/tresorerie.scrabbleenpaysdoc.fr\/index.php?rest_route=\/wp\/v2\/users\/7"}],"replies":[{"embeddable":true,"href":"https:\/\/tresorerie.scrabbleenpaysdoc.fr\/index.php?rest_route=%2Fwp%2Fv2%2Fcomments&post=35"}],"version-history":[{"count":8,"href":"https:\/\/tresorerie.scrabbleenpaysdoc.fr\/index.php?rest_route=\/wp\/v2\/pages\/35\/revisions"}],"predecessor-version":[{"id":162,"href":"https:\/\/tresorerie.scrabbleenpaysdoc.fr\/index.php?rest_route=\/wp\/v2\/pages\/35\/revisions\/162"}],"wp:attachment":[{"href":"https:\/\/tresorerie.scrabbleenpaysdoc.fr\/index.php?rest_route=%2Fwp%2Fv2%2Fmedia&parent=35"}],"curies":[{"name":"wp","href":"https:\/\/api.w.org\/{rel}","templated":true}]}}